{"id":4,"date":"2011-11-21T16:03:28","date_gmt":"2011-11-21T16:03:28","guid":{"rendered":"http:\/\/www.comerciallopez.es\/?page_id=4"},"modified":"2020-04-13T11:34:54","modified_gmt":"2020-04-13T11:34:54","slug":"home","status":"publish","type":"page","link":"http:\/\/www.comerciallopez.es\/?page_id=4","title":{"rendered":"QUIENES SOMOS"},"content":{"rendered":"\t\t<div data-elementor-type=\"wp-page\" data-elementor-id=\"4\" class=\"elementor elementor-4\">\n\t\t\t\t\t\t<section class=\"elementor-section elementor-top-section elementor-element elementor-element-248686bf elementor-section-boxed elementor-section-height-default elementor-section-height-default\" data-id=\"248686bf\" data-element_type=\"section\">\n\t\t\t\t\t\t<div class=\"elementor-container elementor-column-gap-default\">\n\t\t\t\t\t<div class=\"elementor-column elementor-col-100 elementor-top-column elementor-element elementor-element-469a3f04\" data-id=\"469a3f04\" data-element_type=\"column\">\n\t\t\t<div class=\"elementor-widget-wrap elementor-element-populated\">\n\t\t\t\t\t\t<div class=\"elementor-element elementor-element-393764ce elementor-widget elementor-widget-text-editor\" data-id=\"393764ce\" data-element_type=\"widget\" data-widget_type=\"text-editor.default\">\n\t\t\t\t<div class=\"elementor-widget-container\">\n\t\t\t\t\t\t\t\t\t<div id=\"site-intro\">\n<div id=\"site-intro-container\"><span class=\"intro-swril swril-left\">&nbsp;<\/span><span class=\"intro-text\">M\u00e1s de 35 a\u00f1os a su Servicio<\/span><span class=\"intro-swril swril-right\">&nbsp;<\/span><\/div>\n<\/div>\n<div class=\"columns-wrapper\">\n<div class=\"two-columns\" style=\"text-align: justify;\">\n<h2>QUIENES SOMOS<\/h2>\nComercial L\u00f3pez S.C. es una empresa con sede en Alcal\u00e1 de Henares, Madrid, dedicada a la distribuci\u00f3n de productos de peluquer\u00eda y est\u00e9tica desde hace m\u00e1s de 35 a\u00f1os.\n\nEsta amplia experiencia y conocimiento del sector nos permite poner a disposici\u00f3n de nuestros clientes los productos que requieren para el desarrollo de su actividad.\n\nTrabajamos con las primeras firmas internacionales del Sector: L\u00b4Oreal, Schwarzkopf, Wella, Revlon, Montibel-lo y con otras muchas marcas de reconocido prestigio, abarcando m\u00e1s de cuatro mil referencias de productos.\n\n<\/div>\n<div class=\"two-columns nomargin\">\n<h2>QUE TE OFRECEMOS<\/h2>\n<ul class=\"bullet_star\">\n \t<li>PELUQUER\u00cdA<\/li>\n \t<li>EST\u00c9TICA<\/li>\n \t<li>MOBILIARIO<\/li>\n \t<li>FORMACI\u00d3N<\/li>\n \t<li>SERVICIO DE REPARTO PROPIO<\/li>\n \t<li>TIENDA DE VENTA AL P\u00daBLICO Y AL PROFESIONAL<\/li>\n \t<li>CASH DE PR\u00d3XIMA APERTURA<\/li>\n \t<li>MONTAJE DE PELUQUER\u00cdAS Y CENTROS DE BELLEZA<\/li>\n<\/ul>\n<\/div>\n<\/div>\n<h2>FUTURO<\/h2>\t\t\t\t\t\t\t\t<\/div>\n\t\t\t\t<\/div>\n\t\t\t\t\t<\/div>\n\t\t<\/div>\n\t\t\t\t\t<\/div>\n\t\t<\/section>\n\t\t\t\t<section class=\"elementor-section elementor-top-section elementor-element elementor-element-0afe867 elementor-section-boxed elementor-section-height-default elementor-section-height-default\" data-id=\"0afe867\" data-element_type=\"section\">\n\t\t\t\t\t\t<div class=\"elementor-container elementor-column-gap-default\">\n\t\t\t\t\t<div class=\"elementor-column elementor-col-100 elementor-top-column elementor-element elementor-element-b2ac966\" data-id=\"b2ac966\" data-element_type=\"column\">\n\t\t\t<div class=\"elementor-widget-wrap elementor-element-populated\">\n\t\t\t\t\t\t<div class=\"elementor-element elementor-element-8f0b03e elementor-widget elementor-widget-image\" data-id=\"8f0b03e\" data-element_type=\"widget\" data-widget_type=\"image.default\">\n\t\t\t\t<div class=\"elementor-widget-container\">\n\t\t\t\t\t\t\t\t\t\t\t\t\t\t\t<img fetchpriority=\"high\" decoding=\"async\" width=\"980\" height=\"370\" src=\"http:\/\/www.comerciallopez.es\/wp-content\/uploads\/2018\/07\/1335951260slide_home.jpg\" class=\"attachment-large size-large wp-image-3017\" alt=\"\" srcset=\"http:\/\/www.comerciallopez.es\/wp-content\/uploads\/2018\/07\/1335951260slide_home.jpg 980w, http:\/\/www.comerciallopez.es\/wp-content\/uploads\/2018\/07\/1335951260slide_home-300x113.jpg 300w, http:\/\/www.comerciallopez.es\/wp-content\/uploads\/2018\/07\/1335951260slide_home-768x290.jpg 768w, http:\/\/www.comerciallopez.es\/wp-content\/uploads\/2018\/07\/1335951260slide_home-370x140.jpg 370w\" sizes=\"(max-width: 980px) 100vw, 980px\" \/>\t\t\t\t\t\t\t\t\t\t\t\t\t\t\t<\/div>\n\t\t\t\t<\/div>\n\t\t\t\t\t<\/div>\n\t\t<\/div>\n\t\t\t\t\t<\/div>\n\t\t<\/section>\n\t\t\t\t<section class=\"elementor-section elementor-top-section elementor-element elementor-element-4fc3fba elementor-section-boxed elementor-section-height-default elementor-section-height-default\" data-id=\"4fc3fba\" data-element_type=\"section\">\n\t\t\t\t\t\t<div class=\"elementor-container elementor-column-gap-default\">\n\t\t\t\t\t<div class=\"elementor-column elementor-col-100 elementor-top-column elementor-element elementor-element-7f6d796\" data-id=\"7f6d796\" data-element_type=\"column\">\n\t\t\t<div class=\"elementor-widget-wrap elementor-element-populated\">\n\t\t\t\t\t\t<div class=\"elementor-element elementor-element-0401b0f elementor-view-default elementor-widget elementor-widget-icon\" data-id=\"0401b0f\" data-element_type=\"widget\" data-widget_type=\"icon.default\">\n\t\t\t\t<div class=\"elementor-widget-container\">\n\t\t\t\t\t\t\t<div class=\"elementor-icon-wrapper\">\n\t\t\t<a class=\"elementor-icon\" href=\"https:\/\/www.facebook.com\/comerciallopez\/\">\n\t\t\t<i aria-hidden=\"true\" class=\"fab fa-facebook-square\"><\/i>\t\t\t<\/a>\n\t\t<\/div>\n\t\t\t\t\t\t<\/div>\n\t\t\t\t<\/div>\n\t\t\t\t\t<\/div>\n\t\t<\/div>\n\t\t\t\t\t<\/div>\n\t\t<\/section>\n\t\t\t\t<section class=\"elementor-section elementor-top-section elementor-element elementor-element-7620846 elementor-section-boxed elementor-section-height-default elementor-section-height-default\" data-id=\"7620846\" data-element_type=\"section\">\n\t\t\t\t\t\t<div class=\"elementor-container elementor-column-gap-default\">\n\t\t\t\t\t<div class=\"elementor-column elementor-col-100 elementor-top-column elementor-element elementor-element-85be739\" data-id=\"85be739\" data-element_type=\"column\">\n\t\t\t<div class=\"elementor-widget-wrap elementor-element-populated\">\n\t\t\t\t\t\t<div class=\"elementor-element elementor-element-d22dc20 elementor-view-default elementor-widget elementor-widget-icon\" data-id=\"d22dc20\" data-element_type=\"widget\" data-widget_type=\"icon.default\">\n\t\t\t\t<div class=\"elementor-widget-container\">\n\t\t\t\t\t\t\t<div class=\"elementor-icon-wrapper\">\n\t\t\t<a class=\"elementor-icon\" href=\"http:\/\/www.comerciallopez.es\">\n\t\t\t<i aria-hidden=\"true\" class=\"far fa-arrow-alt-circle-left\"><\/i>\t\t\t<\/a>\n\t\t<\/div>\n\t\t\t\t\t\t<\/div>\n\t\t\t\t<\/div>\n\t\t\t\t\t<\/div>\n\t\t<\/div>\n\t\t\t\t\t<\/div>\n\t\t<\/section>\n\t\t\t\t<\/div>\n\t\t","protected":false},"excerpt":{"rendered":"<p>&nbsp;M\u00e1s de 35 a\u00f1os a su Servicio&nbsp; QUIENES SOMOS Comercial L\u00f3pez S.C. es una empresa con sede en Alcal\u00e1 de Henares, Madrid, dedicada a la distribuci\u00f3n de productos de peluquer\u00eda y est\u00e9tica desde hace m\u00e1s de 35 a\u00f1os. Esta amplia experiencia y conocimiento del sector nos permite poner a disposici\u00f3n de nuestros clientes los productos&hellip;&nbsp;<a href=\"http:\/\/www.comerciallopez.es\/?page_id=4\" class=\"\" rel=\"bookmark\">Leer m\u00e1s &raquo;<span class=\"screen-reader-text\">QUIENES SOMOS<\/span><\/a><\/p>\n","protected":false},"author":1,"featured_media":0,"parent":0,"menu_order":0,"comment_status":"open","ping_status":"open","template":"","meta":{"footnotes":""},"class_list":["post-4","page","type-page","status-publish","hentry"],"_links":{"self":[{"href":"http:\/\/www.comerciallopez.es\/index.php?rest_route=\/wp\/v2\/pages\/4","targetHints":{"allow":["GET"]}}],"collection":[{"href":"http:\/\/www.comerciallopez.es\/index.php?rest_route=\/wp\/v2\/pages"}],"about":[{"href":"http:\/\/www.comerciallopez.es\/index.php?rest_route=\/wp\/v2\/types\/page"}],"author":[{"embeddable":true,"href":"http:\/\/www.comerciallopez.es\/index.php?rest_route=\/wp\/v2\/users\/1"}],"replies":[{"embeddable":true,"href":"http:\/\/www.comerciallopez.es\/index.php?rest_route=%2Fwp%2Fv2%2Fcomments&post=4"}],"version-history":[{"count":37,"href":"http:\/\/www.comerciallopez.es\/index.php?rest_route=\/wp\/v2\/pages\/4\/revisions"}],"predecessor-version":[{"id":3293,"href":"http:\/\/www.comerciallopez.es\/index.php?rest_route=\/wp\/v2\/pages\/4\/revisions\/3293"}],"wp:attachment":[{"href":"http:\/\/www.comerciallopez.es\/index.php?rest_route=%2Fwp%2Fv2%2Fmedia&parent=4"}],"curies":[{"name":"wp","href":"https:\/\/api.w.org\/{rel}","templated":true}]}}