{"id":2914,"date":"2018-07-09T10:45:38","date_gmt":"2018-07-09T10:45:38","guid":{"rendered":"http:\/\/www.comerciallopez.es\/?page_id=2914"},"modified":"2020-04-11T10:28:18","modified_gmt":"2020-04-11T10:28:18","slug":"formacion-2","status":"publish","type":"page","link":"http:\/\/www.comerciallopez.es\/?page_id=2914","title":{"rendered":"FORMACI\u00d3N"},"content":{"rendered":"\t\t<div data-elementor-type=\"wp-page\" data-elementor-id=\"2914\" class=\"elementor elementor-2914\">\n\t\t\t\t\t\t<section class=\"elementor-section elementor-top-section elementor-element elementor-element-448625e elementor-section-boxed elementor-section-height-default elementor-section-height-default\" data-id=\"448625e\" data-element_type=\"section\">\n\t\t\t\t\t\t<div class=\"elementor-container elementor-column-gap-default\">\n\t\t\t\t\t<div class=\"elementor-column elementor-col-100 elementor-top-column elementor-element elementor-element-48ae7b93\" data-id=\"48ae7b93\" data-element_type=\"column\">\n\t\t\t<div class=\"elementor-widget-wrap elementor-element-populated\">\n\t\t\t\t\t\t<div class=\"elementor-element elementor-element-7bbc1cab elementor-widget elementor-widget-text-editor\" data-id=\"7bbc1cab\" data-element_type=\"widget\" data-widget_type=\"text-editor.default\">\n\t\t\t\t<div class=\"elementor-widget-container\">\n\t\t\t\t\t\t\t\t\t<img fetchpriority=\"high\" decoding=\"async\" class=\"alignleft size-full wp-image-2915\" src=\"http:\/\/www.comerciallopez.es\/wp-content\/uploads\/2018\/07\/15073302_648682171976888_6927388748516466272_n.jpg\" alt=\"\" width=\"960\" height=\"362\" srcset=\"http:\/\/www.comerciallopez.es\/wp-content\/uploads\/2018\/07\/15073302_648682171976888_6927388748516466272_n.jpg 960w, http:\/\/www.comerciallopez.es\/wp-content\/uploads\/2018\/07\/15073302_648682171976888_6927388748516466272_n-300x113.jpg 300w, http:\/\/www.comerciallopez.es\/wp-content\/uploads\/2018\/07\/15073302_648682171976888_6927388748516466272_n-768x290.jpg 768w, http:\/\/www.comerciallopez.es\/wp-content\/uploads\/2018\/07\/15073302_648682171976888_6927388748516466272_n-200x75.jpg 200w\" sizes=\"(max-width: 960px) 100vw, 960px\" \/><img decoding=\"async\" class=\"alignleft size-full wp-image-788\" src=\"http:\/\/www.comerciallopez.es\/wp-content\/uploads\/2012\/07\/home_peq2.jpg\" alt=\"\" width=\"263\" height=\"160\"><img decoding=\"async\" class=\"alignleft size-full wp-image-787\" src=\"http:\/\/www.comerciallopez.es\/wp-content\/uploads\/2012\/07\/home_peq1.jpg\" alt=\"\" width=\"263\" height=\"160\">\n\n&nbsp;\n\n&nbsp;\n\n&nbsp;\n\n&nbsp;\n\n&nbsp;\n\n&nbsp;\n\n&nbsp;\n\n&nbsp;\n\n&nbsp;\n\n&nbsp;\n\n&nbsp;\n\n&nbsp;\n\n&nbsp;\n<h4><a href=\"https:\/\/www.facebook.com\/aulacomerciallopez\/\">FORMACI\u00d3N CONTINUA EN NUESTRO AULA<\/a><\/h4>\nV\u00eda Complutense 111 (1,19 km)\n28003 Alcal\u00e1 de Henares\n\n<img loading=\"lazy\" decoding=\"async\" class=\"alignleft size-full wp-image-2916\" src=\"http:\/\/www.comerciallopez.es\/wp-content\/uploads\/2018\/07\/CARTEL-CENTRO-TECNICO.jpg\" alt=\"\" width=\"2965\" height=\"868\" srcset=\"http:\/\/www.comerciallopez.es\/wp-content\/uploads\/2018\/07\/CARTEL-CENTRO-TECNICO.jpg 2965w, http:\/\/www.comerciallopez.es\/wp-content\/uploads\/2018\/07\/CARTEL-CENTRO-TECNICO-300x88.jpg 300w, http:\/\/www.comerciallopez.es\/wp-content\/uploads\/2018\/07\/CARTEL-CENTRO-TECNICO-768x225.jpg 768w, http:\/\/www.comerciallopez.es\/wp-content\/uploads\/2018\/07\/CARTEL-CENTRO-TECNICO-1024x300.jpg 1024w, http:\/\/www.comerciallopez.es\/wp-content\/uploads\/2018\/07\/CARTEL-CENTRO-TECNICO-200x59.jpg 200w\" sizes=\"(max-width: 2965px) 100vw, 2965px\" \/>\n\n&nbsp;\t\t\t\t\t\t\t\t<\/div>\n\t\t\t\t<\/div>\n\t\t\t\t\t<\/div>\n\t\t<\/div>\n\t\t\t\t\t<\/div>\n\t\t<\/section>\n\t\t\t\t<section class=\"elementor-section elementor-top-section elementor-element elementor-element-7c2f5d8 elementor-section-boxed elementor-section-height-default elementor-section-height-default\" data-id=\"7c2f5d8\" data-element_type=\"section\">\n\t\t\t\t\t\t<div class=\"elementor-container elementor-column-gap-default\">\n\t\t\t\t\t<div class=\"elementor-column elementor-col-100 elementor-top-column elementor-element elementor-element-e72a8a2\" data-id=\"e72a8a2\" data-element_type=\"column\">\n\t\t\t<div class=\"elementor-widget-wrap elementor-element-populated\">\n\t\t\t\t\t\t<div class=\"elementor-element elementor-element-8cd2e39 elementor-view-default elementor-widget elementor-widget-icon\" data-id=\"8cd2e39\" data-element_type=\"widget\" data-widget_type=\"icon.default\">\n\t\t\t\t<div class=\"elementor-widget-container\">\n\t\t\t\t\t\t\t<div class=\"elementor-icon-wrapper\">\n\t\t\t<a class=\"elementor-icon\" href=\"http:\/\/www.comerciallopez.es\/\">\n\t\t\t<i aria-hidden=\"true\" class=\"far fa-arrow-alt-circle-left\"><\/i>\t\t\t<\/a>\n\t\t<\/div>\n\t\t\t\t\t\t<\/div>\n\t\t\t\t<\/div>\n\t\t\t\t\t<\/div>\n\t\t<\/div>\n\t\t\t\t\t<\/div>\n\t\t<\/section>\n\t\t\t\t<\/div>\n\t\t","protected":false},"excerpt":{"rendered":"<p>&nbsp; &nbsp; &nbsp; &nbsp; &nbsp; &nbsp; &nbsp; &nbsp; &nbsp; &nbsp; &nbsp; &nbsp; &nbsp; FORMACI\u00d3N CONTINUA EN NUESTRO AULA V\u00eda Complutense 111 (1,19 km) 28003 Alcal\u00e1 de Henares &nbsp;<\/p>\n","protected":false},"author":1,"featured_media":0,"parent":0,"menu_order":0,"comment_status":"closed","ping_status":"closed","template":"","meta":{"footnotes":""},"class_list":["post-2914","page","type-page","status-publish","hentry"],"_links":{"self":[{"href":"http:\/\/www.comerciallopez.es\/index.php?rest_route=\/wp\/v2\/pages\/2914","targetHints":{"allow":["GET"]}}],"collection":[{"href":"http:\/\/www.comerciallopez.es\/index.php?rest_route=\/wp\/v2\/pages"}],"about":[{"href":"http:\/\/www.comerciallopez.es\/index.php?rest_route=\/wp\/v2\/types\/page"}],"author":[{"embeddable":true,"href":"http:\/\/www.comerciallopez.es\/index.php?rest_route=\/wp\/v2\/users\/1"}],"replies":[{"embeddable":true,"href":"http:\/\/www.comerciallopez.es\/index.php?rest_route=%2Fwp%2Fv2%2Fcomments&post=2914"}],"version-history":[{"count":5,"href":"http:\/\/www.comerciallopez.es\/index.php?rest_route=\/wp\/v2\/pages\/2914\/revisions"}],"predecessor-version":[{"id":3277,"href":"http:\/\/www.comerciallopez.es\/index.php?rest_route=\/wp\/v2\/pages\/2914\/revisions\/3277"}],"wp:attachment":[{"href":"http:\/\/www.comerciallopez.es\/index.php?rest_route=%2Fwp%2Fv2%2Fmedia&parent=2914"}],"curies":[{"name":"wp","href":"https:\/\/api.w.org\/{rel}","templated":true}]}}